{"id":224578,"date":"2022-06-30T16:52:33","date_gmt":"2022-06-30T20:52:33","guid":{"rendered":"https:\/\/axxelbromelin.wpengine.com\/carriere\/"},"modified":"2024-12-16T17:34:45","modified_gmt":"2024-12-16T22:34:45","slug":"carriere","status":"publish","type":"page","link":"https:\/\/www.axxelhr.com\/fr\/carriere\/","title":{"rendered":"Carri\u00e8re"},"content":{"rendered":"\t\t<div data-elementor-type=\"wp-page\" data-elementor-id=\"224578\" class=\"elementor elementor-224578 elementor-223999\" data-elementor-post-type=\"page\">\n\t\t\t\t\t\t<section class=\"elementor-section elementor-top-section elementor-element elementor-element-e3619b5 elementor-section-boxed elementor-section-height-default elementor-section-height-default\" data-id=\"e3619b5\" data-element_type=\"section\" data-settings=\"{&quot;background_background&quot;:&quot;classic&quot;}\">\n\t\t\t\t\t\t<div class=\"elementor-container elementor-column-gap-default\">\n\t\t\t\t\t<div class=\" elementor-column elementor-col-50 elementor-top-column elementor-element elementor-element-c66bd63\" data-fullscreen-column-settings=\"{&quot;fullscreen&quot;:&quot;&quot;}\" data-id=\"c66bd63\" data-element_type=\"column\">\n\t\t\t<div class=\"elementor-widget-wrap elementor-element-populated\">\n\t\t\t\t\t\t<div class=\"elementor-element elementor-element-c77161c elementor-widget elementor-widget-image\" data-id=\"c77161c\" data-element_type=\"widget\" data-widget_type=\"image.default\">\n\t\t\t\t<div class=\"elementor-widget-container\">\n\t\t\t\t\t\t\t\t\t\t\t\t\t\t\t<img fetchpriority=\"high\" decoding=\"async\" width=\"512\" height=\"512\" src=\"https:\/\/www.axxelhr.com\/wp-content\/uploads\/2021\/02\/cropped-logo-en.png-footer.png\" class=\"attachment-full size-full wp-image-223574\" alt=\"\" srcset=\"https:\/\/www.axxelhr.com\/wp-content\/uploads\/2021\/02\/cropped-logo-en.png-footer.png 512w, https:\/\/www.axxelhr.com\/wp-content\/uploads\/2021\/02\/cropped-logo-en.png-footer-300x300.png 300w, https:\/\/www.axxelhr.com\/wp-content\/uploads\/2021\/02\/cropped-logo-en.png-footer-150x150.png 150w, https:\/\/www.axxelhr.com\/wp-content\/uploads\/2021\/02\/cropped-logo-en.png-footer-200x200.png 200w, https:\/\/www.axxelhr.com\/wp-content\/uploads\/2021\/02\/cropped-logo-en.png-footer-100x100.png 100w, https:\/\/www.axxelhr.com\/wp-content\/uploads\/2021\/02\/cropped-logo-en.png-footer-270x270.png 270w, https:\/\/www.axxelhr.com\/wp-content\/uploads\/2021\/02\/cropped-logo-en.png-footer-192x192.png 192w, https:\/\/www.axxelhr.com\/wp-content\/uploads\/2021\/02\/cropped-logo-en.png-footer-180x180.png 180w, https:\/\/www.axxelhr.com\/wp-content\/uploads\/2021\/02\/cropped-logo-en.png-footer-32x32.png 32w\" sizes=\"(max-width: 512px) 100vw, 512px\" \/>\t\t\t\t\t\t\t\t\t\t\t\t\t\t\t<\/div>\n\t\t\t\t<\/div>\n\t\t\t\t<div class=\"elementor-element elementor-element-ec0523d elementor-widget elementor-widget-heading\" data-id=\"ec0523d\" data-element_type=\"widget\" data-widget_type=\"heading.default\">\n\t\t\t\t<div class=\"elementor-widget-container\">\n\t\t\t\t\t<h1 class=\"elementor-heading-title elementor-size-default\">Une carri\u00e8re chez AXXEL RH<\/h1>\t\t\t\t<\/div>\n\t\t\t\t<\/div>\n\t\t\t\t<div class=\"elementor-element elementor-element-62077e9 elementor-widget elementor-widget-text-editor\" data-id=\"62077e9\" data-element_type=\"widget\" data-widget_type=\"text-editor.default\">\n\t\t\t\t<div class=\"elementor-widget-container\">\n\t\t\t\t\t\t\t\t\t<p>Vous envisagez de travailler avec notre \u00e9quipe dynamique ? Jetez un \u0153il \u00e0 ce que nous avons de disponible.<\/p>\r\n\t\t\t\t\t\t\t\t<\/div>\n\t\t\t\t<\/div>\n\t\t\t\t<div class=\"elementor-element elementor-element-0d2561b elementor-align-center elementor-widget elementor-widget-button\" data-id=\"0d2561b\" data-element_type=\"widget\" data-widget_type=\"button.default\">\n\t\t\t\t<div class=\"elementor-widget-container\">\n\t\t\t\t\t\t\t\t\t<div class=\"elementor-button-wrapper\">\n\t\t\t\t\t<a class=\"elementor-button elementor-button-link elementor-size-sm\" href=\"https:\/\/www.axxelhr.com\/fr\/faite-carriere-avec-axxel-rh\/\">\n\t\t\t\t\t\t<span class=\"elementor-button-content-wrapper\">\n\t\t\t\t\t\t\t\t\t<span class=\"elementor-button-text\">DISPONIBILIT\u00c9S<\/span>\n\t\t\t\t\t<\/span>\n\t\t\t\t\t<\/a>\n\t\t\t\t<\/div>\n\t\t\t\t\t\t\t\t<\/div>\n\t\t\t\t<\/div>\n\t\t\t\t\t<\/div>\n\t\t<\/div>\n\t\t\t\t<div class=\" elementor-column elementor-col-50 elementor-top-column elementor-element elementor-element-4b9c790\" data-fullscreen-column-settings=\"{&quot;fullscreen&quot;:&quot;&quot;}\" data-id=\"4b9c790\" data-element_type=\"column\">\n\t\t\t<div class=\"elementor-widget-wrap elementor-element-populated\">\n\t\t\t\t\t\t<div class=\"elementor-element elementor-element-d10e206 elementor-view-default elementor-widget elementor-widget-icon\" data-id=\"d10e206\" data-element_type=\"widget\" data-widget_type=\"icon.default\">\n\t\t\t\t<div class=\"elementor-widget-container\">\n\t\t\t\t\t\t\t<div class=\"elementor-icon-wrapper\">\n\t\t\t<div class=\"elementor-icon\">\n\t\t\t<i aria-hidden=\"true\" class=\" icon-simple-line-globe\"><\/i>\t\t\t<\/div>\n\t\t<\/div>\n\t\t\t\t\t\t<\/div>\n\t\t\t\t<\/div>\n\t\t\t\t<div class=\"elementor-element elementor-element-fc67dcc elementor-widget elementor-widget-heading\" data-id=\"fc67dcc\" data-element_type=\"widget\" data-widget_type=\"heading.default\">\n\t\t\t\t<div class=\"elementor-widget-container\">\n\t\t\t\t\t<h2 class=\"elementor-heading-title elementor-size-default\">Une carri\u00e8re hors AXXEL RH<\/h2>\t\t\t\t<\/div>\n\t\t\t\t<\/div>\n\t\t\t\t<div class=\"elementor-element elementor-element-8460655 elementor-widget elementor-widget-text-editor\" data-id=\"8460655\" data-element_type=\"widget\" data-widget_type=\"text-editor.default\">\n\t\t\t\t<div class=\"elementor-widget-container\">\n\t\t\t\t\t\t\t\t\t<p>Nous pouvons \u00e9galement vous aider \u00e0 r\u00e9aliser votre cheminement de carri\u00e8re en dehors d&rsquo;AXXEL RH.<\/p>\t\t\t\t\t\t\t\t<\/div>\n\t\t\t\t<\/div>\n\t\t\t\t<div class=\"elementor-element elementor-element-48ecba7 elementor-align-center elementor-widget elementor-widget-button\" data-id=\"48ecba7\" data-element_type=\"widget\" data-widget_type=\"button.default\">\n\t\t\t\t<div class=\"elementor-widget-container\">\n\t\t\t\t\t\t\t\t\t<div class=\"elementor-button-wrapper\">\n\t\t\t\t\t<a class=\"elementor-button elementor-button-link elementor-size-sm\" href=\"https:\/\/www.axxelhr.com\/fr\/opportunites-demploi\/\">\n\t\t\t\t\t\t<span class=\"elementor-button-content-wrapper\">\n\t\t\t\t\t\t\t\t\t<span class=\"elementor-button-text\">PERSPECTIVES D'EMPLOI<\/span>\n\t\t\t\t\t<\/span>\n\t\t\t\t\t<\/a>\n\t\t\t\t<\/div>\n\t\t\t\t\t\t\t\t<\/div>\n\t\t\t\t<\/div>\n\t\t\t\t\t<\/div>\n\t\t<\/div>\n\t\t\t\t\t<\/div>\n\t\t<\/section>\n\t\t\t\t<\/div>\n\t\t","protected":false},"excerpt":{"rendered":"<p>Une carri\u00e8re chez AXXEL RH Vous envisagez de travailler avec notre \u00e9quipe dynamique ? Jetez un \u0153il \u00e0 ce que nous avons de disponible. DISPONIBILIT\u00c9S Une carri\u00e8re hors AXXEL RH Nous pouvons \u00e9galement vous aider \u00e0 r\u00e9aliser votre cheminement de carri\u00e8re en dehors d&rsquo;AXXEL RH. PERSPECTIVES D&rsquo;EMPLOI<\/p>\n","protected":false},"author":1,"featured_media":0,"parent":0,"menu_order":0,"comment_status":"closed","ping_status":"closed","template":"","meta":{"_monsterinsights_skip_tracking":false,"_monsterinsights_sitenote_active":false,"_monsterinsights_sitenote_note":"","_monsterinsights_sitenote_category":0,"footnotes":""},"class_list":["post-224578","page","type-page","status-publish","hentry"],"yoast_head":"<!-- This site is optimized with the Yoast SEO plugin v26.7 - https:\/\/yoast.com\/wordpress\/plugins\/seo\/ -->\n<title>Carri\u00e8re et Opportunit\u00e9s d&#039;Emploi : Rejoignez l&#039;\u00c9quipe Axxel RH<\/title>\n<meta name=\"description\" content=\"\u00c0 la recherche de votre emploi de r\u00eave? Consultez les perspectives d\u2019emploi et de carri\u00e8re chez Axxel RH et joignez notre \u00e9quipe!\" \/>\n<meta name=\"robots\" content=\"index, follow, max-snippet:-1, max-image-preview:large, max-video-preview:-1\" \/>\n<link rel=\"canonical\" href=\"https:\/\/www.axxelhr.com\/fr\/carriere\/\" \/>\n<meta property=\"og:locale\" content=\"fr_FR\" \/>\n<meta property=\"og:type\" content=\"article\" \/>\n<meta property=\"og:title\" content=\"Carri\u00e8re et Opportunit\u00e9s d&#039;Emploi : Rejoignez l&#039;\u00c9quipe Axxel RH\" \/>\n<meta property=\"og:description\" content=\"\u00c0 la recherche de votre emploi de r\u00eave? Consultez les perspectives d\u2019emploi et de carri\u00e8re chez Axxel RH et joignez notre \u00e9quipe!\" \/>\n<meta property=\"og:url\" content=\"https:\/\/www.axxelhr.com\/fr\/carriere\/\" \/>\n<meta property=\"og:site_name\" content=\"Axxel HR\" \/>\n<meta property=\"article:publisher\" content=\"https:\/\/www.facebook.com\/axxelhrinc\" \/>\n<meta property=\"article:modified_time\" content=\"2024-12-16T22:34:45+00:00\" \/>\n<meta property=\"og:image\" content=\"https:\/\/www.axxelhr.com\/wp-content\/uploads\/2021\/02\/cropped-logo-en.png-footer.png\" \/>\n\t<meta property=\"og:image:width\" content=\"512\" \/>\n\t<meta property=\"og:image:height\" content=\"512\" \/>\n\t<meta property=\"og:image:type\" content=\"image\/png\" \/>\n<meta name=\"twitter:card\" content=\"summary_large_image\" \/>\n<meta name=\"twitter:label1\" content=\"Dur\u00e9e de lecture estim\u00e9e\" \/>\n\t<meta name=\"twitter:data1\" content=\"1 minute\" \/>\n<script type=\"application\/ld+json\" class=\"yoast-schema-graph\">{\"@context\":\"https:\/\/schema.org\",\"@graph\":[{\"@type\":\"WebPage\",\"@id\":\"https:\/\/www.axxelhr.com\/fr\/carriere\/\",\"url\":\"https:\/\/www.axxelhr.com\/fr\/carriere\/\",\"name\":\"Carri\u00e8re et Opportunit\u00e9s d'Emploi : Rejoignez l'\u00c9quipe Axxel RH\",\"isPartOf\":{\"@id\":\"https:\/\/www.axxelhr.com\/fr\/#website\"},\"primaryImageOfPage\":{\"@id\":\"https:\/\/www.axxelhr.com\/fr\/carriere\/#primaryimage\"},\"image\":{\"@id\":\"https:\/\/www.axxelhr.com\/fr\/carriere\/#primaryimage\"},\"thumbnailUrl\":\"https:\/\/www.axxelhr.com\/wp-content\/uploads\/2021\/02\/cropped-logo-en.png-footer.png\",\"datePublished\":\"2022-06-30T20:52:33+00:00\",\"dateModified\":\"2024-12-16T22:34:45+00:00\",\"description\":\"\u00c0 la recherche de votre emploi de r\u00eave? Consultez les perspectives d\u2019emploi et de carri\u00e8re chez Axxel RH et joignez notre \u00e9quipe!\",\"breadcrumb\":{\"@id\":\"https:\/\/www.axxelhr.com\/fr\/carriere\/#breadcrumb\"},\"inLanguage\":\"fr-FR\",\"potentialAction\":[{\"@type\":\"ReadAction\",\"target\":[\"https:\/\/www.axxelhr.com\/fr\/carriere\/\"]}]},{\"@type\":\"ImageObject\",\"inLanguage\":\"fr-FR\",\"@id\":\"https:\/\/www.axxelhr.com\/fr\/carriere\/#primaryimage\",\"url\":\"https:\/\/www.axxelhr.com\/wp-content\/uploads\/2021\/02\/cropped-logo-en.png-footer.png\",\"contentUrl\":\"https:\/\/www.axxelhr.com\/wp-content\/uploads\/2021\/02\/cropped-logo-en.png-footer.png\"},{\"@type\":\"BreadcrumbList\",\"@id\":\"https:\/\/www.axxelhr.com\/fr\/carriere\/#breadcrumb\",\"itemListElement\":[{\"@type\":\"ListItem\",\"position\":1,\"name\":\"Accueil\",\"item\":\"https:\/\/www.axxelhr.com\/fr\/\"},{\"@type\":\"ListItem\",\"position\":2,\"name\":\"Carri\u00e8re\"}]},{\"@type\":\"WebSite\",\"@id\":\"https:\/\/www.axxelhr.com\/fr\/#website\",\"url\":\"https:\/\/www.axxelhr.com\/fr\/\",\"name\":\"Axxel HR\",\"description\":\"Votre partenaire en ressources humaines innovantes\",\"publisher\":{\"@id\":\"https:\/\/www.axxelhr.com\/fr\/#organization\"},\"alternateName\":\"Axxel HR - Solutions RH Montr\u00e9al\",\"potentialAction\":[{\"@type\":\"SearchAction\",\"target\":{\"@type\":\"EntryPoint\",\"urlTemplate\":\"https:\/\/www.axxelhr.com\/fr\/?s={search_term_string}\"},\"query-input\":{\"@type\":\"PropertyValueSpecification\",\"valueRequired\":true,\"valueName\":\"search_term_string\"}}],\"inLanguage\":\"fr-FR\"},{\"@type\":\"Organization\",\"@id\":\"https:\/\/www.axxelhr.com\/fr\/#organization\",\"name\":\"Axxel HR\",\"url\":\"https:\/\/www.axxelhr.com\/fr\/\",\"logo\":{\"@type\":\"ImageObject\",\"inLanguage\":\"fr-FR\",\"@id\":\"https:\/\/www.axxelhr.com\/fr\/#\/schema\/logo\/image\/\",\"url\":\"https:\/\/www.axxelhr.com\/wp-content\/uploads\/2023\/02\/axxelrh-logo.png\",\"contentUrl\":\"https:\/\/www.axxelhr.com\/wp-content\/uploads\/2023\/02\/axxelrh-logo.png\",\"width\":446,\"height\":126,\"caption\":\"Axxel HR\"},\"image\":{\"@id\":\"https:\/\/www.axxelhr.com\/fr\/#\/schema\/logo\/image\/\"},\"sameAs\":[\"https:\/\/www.facebook.com\/axxelhrinc\",\"https:\/\/www.linkedin.com\/company\/axxel-hr\/?viewAsMember=true\"]}]}<\/script>\n<!-- \/ Yoast SEO plugin. -->","yoast_head_json":{"title":"Carri\u00e8re et Opportunit\u00e9s d'Emploi : Rejoignez l'\u00c9quipe Axxel RH","description":"\u00c0 la recherche de votre emploi de r\u00eave? Consultez les perspectives d\u2019emploi et de carri\u00e8re chez Axxel RH et joignez notre \u00e9quipe!","robots":{"index":"index","follow":"follow","max-snippet":"max-snippet:-1","max-image-preview":"max-image-preview:large","max-video-preview":"max-video-preview:-1"},"canonical":"https:\/\/www.axxelhr.com\/fr\/carriere\/","og_locale":"fr_FR","og_type":"article","og_title":"Carri\u00e8re et Opportunit\u00e9s d'Emploi : Rejoignez l'\u00c9quipe Axxel RH","og_description":"\u00c0 la recherche de votre emploi de r\u00eave? Consultez les perspectives d\u2019emploi et de carri\u00e8re chez Axxel RH et joignez notre \u00e9quipe!","og_url":"https:\/\/www.axxelhr.com\/fr\/carriere\/","og_site_name":"Axxel HR","article_publisher":"https:\/\/www.facebook.com\/axxelhrinc","article_modified_time":"2024-12-16T22:34:45+00:00","og_image":[{"width":512,"height":512,"url":"https:\/\/www.axxelhr.com\/wp-content\/uploads\/2021\/02\/cropped-logo-en.png-footer.png","type":"image\/png"}],"twitter_card":"summary_large_image","twitter_misc":{"Dur\u00e9e de lecture estim\u00e9e":"1 minute"},"schema":{"@context":"https:\/\/schema.org","@graph":[{"@type":"WebPage","@id":"https:\/\/www.axxelhr.com\/fr\/carriere\/","url":"https:\/\/www.axxelhr.com\/fr\/carriere\/","name":"Carri\u00e8re et Opportunit\u00e9s d'Emploi : Rejoignez l'\u00c9quipe Axxel RH","isPartOf":{"@id":"https:\/\/www.axxelhr.com\/fr\/#website"},"primaryImageOfPage":{"@id":"https:\/\/www.axxelhr.com\/fr\/carriere\/#primaryimage"},"image":{"@id":"https:\/\/www.axxelhr.com\/fr\/carriere\/#primaryimage"},"thumbnailUrl":"https:\/\/www.axxelhr.com\/wp-content\/uploads\/2021\/02\/cropped-logo-en.png-footer.png","datePublished":"2022-06-30T20:52:33+00:00","dateModified":"2024-12-16T22:34:45+00:00","description":"\u00c0 la recherche de votre emploi de r\u00eave? Consultez les perspectives d\u2019emploi et de carri\u00e8re chez Axxel RH et joignez notre \u00e9quipe!","breadcrumb":{"@id":"https:\/\/www.axxelhr.com\/fr\/carriere\/#breadcrumb"},"inLanguage":"fr-FR","potentialAction":[{"@type":"ReadAction","target":["https:\/\/www.axxelhr.com\/fr\/carriere\/"]}]},{"@type":"ImageObject","inLanguage":"fr-FR","@id":"https:\/\/www.axxelhr.com\/fr\/carriere\/#primaryimage","url":"https:\/\/www.axxelhr.com\/wp-content\/uploads\/2021\/02\/cropped-logo-en.png-footer.png","contentUrl":"https:\/\/www.axxelhr.com\/wp-content\/uploads\/2021\/02\/cropped-logo-en.png-footer.png"},{"@type":"BreadcrumbList","@id":"https:\/\/www.axxelhr.com\/fr\/carriere\/#breadcrumb","itemListElement":[{"@type":"ListItem","position":1,"name":"Accueil","item":"https:\/\/www.axxelhr.com\/fr\/"},{"@type":"ListItem","position":2,"name":"Carri\u00e8re"}]},{"@type":"WebSite","@id":"https:\/\/www.axxelhr.com\/fr\/#website","url":"https:\/\/www.axxelhr.com\/fr\/","name":"Axxel HR","description":"Votre partenaire en ressources humaines innovantes","publisher":{"@id":"https:\/\/www.axxelhr.com\/fr\/#organization"},"alternateName":"Axxel HR - Solutions RH Montr\u00e9al","potentialAction":[{"@type":"SearchAction","target":{"@type":"EntryPoint","urlTemplate":"https:\/\/www.axxelhr.com\/fr\/?s={search_term_string}"},"query-input":{"@type":"PropertyValueSpecification","valueRequired":true,"valueName":"search_term_string"}}],"inLanguage":"fr-FR"},{"@type":"Organization","@id":"https:\/\/www.axxelhr.com\/fr\/#organization","name":"Axxel HR","url":"https:\/\/www.axxelhr.com\/fr\/","logo":{"@type":"ImageObject","inLanguage":"fr-FR","@id":"https:\/\/www.axxelhr.com\/fr\/#\/schema\/logo\/image\/","url":"https:\/\/www.axxelhr.com\/wp-content\/uploads\/2023\/02\/axxelrh-logo.png","contentUrl":"https:\/\/www.axxelhr.com\/wp-content\/uploads\/2023\/02\/axxelrh-logo.png","width":446,"height":126,"caption":"Axxel HR"},"image":{"@id":"https:\/\/www.axxelhr.com\/fr\/#\/schema\/logo\/image\/"},"sameAs":["https:\/\/www.facebook.com\/axxelhrinc","https:\/\/www.linkedin.com\/company\/axxel-hr\/?viewAsMember=true"]}]}},"_links":{"self":[{"href":"https:\/\/www.axxelhr.com\/fr\/wp-json\/wp\/v2\/pages\/224578","targetHints":{"allow":["GET"]}}],"collection":[{"href":"https:\/\/www.axxelhr.com\/fr\/wp-json\/wp\/v2\/pages"}],"about":[{"href":"https:\/\/www.axxelhr.com\/fr\/wp-json\/wp\/v2\/types\/page"}],"author":[{"embeddable":true,"href":"https:\/\/www.axxelhr.com\/fr\/wp-json\/wp\/v2\/users\/1"}],"replies":[{"embeddable":true,"href":"https:\/\/www.axxelhr.com\/fr\/wp-json\/wp\/v2\/comments?post=224578"}],"version-history":[{"count":0,"href":"https:\/\/www.axxelhr.com\/fr\/wp-json\/wp\/v2\/pages\/224578\/revisions"}],"wp:attachment":[{"href":"https:\/\/www.axxelhr.com\/fr\/wp-json\/wp\/v2\/media?parent=224578"}],"curies":[{"name":"wp","href":"https:\/\/api.w.org\/{rel}","templated":true}]}}